{"id":254,"date":"2016-07-02T23:57:19","date_gmt":"2016-07-02T23:57:19","guid":{"rendered":"http:\/\/www.pontescriacao.com.br\/site\/?page_id=254"},"modified":"2017-03-01T03:43:47","modified_gmt":"2017-03-01T03:43:47","slug":"grafica","status":"publish","type":"page","link":"https:\/\/www.pontescriacao.com.br\/site\/grafica\/","title":{"rendered":"Gr\u00e1fica"},"content":{"rendered":"<div class=\"wpb-content-wrapper\"><p>[vc_row][vc_column]<div class=\"woocommerce columns-4 \"><div class=\"wf-container dt-products  woo-hover products loading-effect-fade-in description-on-hover cart-btn-on-img wc-img-hover hide-description\" data-padding=\"0px\" data-cur-page=\"1\" data-desktop-columns-num=\"4\" data-v-tablet-columns-num=\"2\" data-h-tablet-columns-num=\"3\" data-phone-columns-num=\"1\">\n\n<article class=\"post visible description-off product type-product post-510 status-publish first onbackorder product_cat-aviso-porta product_cat-grafica has-post-thumbnail shipping-taxable purchasable product-type-variable\">\n\n\t<figure class=\"woocom-project\">\n\t<div class=\"woo-buttons-on-img\">\n\n\t\t<a href=\"https:\/\/www.pontescriacao.com.br\/site\/produto\/aviso-de-porta-em-pvc\/\" class=\"alignnone layzr-bg\"><img fetchpriority=\"high\" decoding=\"async\" width=\"300\" height=\"300\" src=\"data:image\/svg+xml;charset=utf-8,%3Csvg xmlns%3D&#039;http%3A%2F%2Fwww.w3.org%2F2000%2Fsvg&#039; viewBox%3D&#039;0 0 300 300&#039;%2F%3E\" class=\"attachment-woocommerce_thumbnail size-woocommerce_thumbnail lazy-load preload-me\" alt=\"Aviso de Porta em PVC\" data-src=\"https:\/\/www.pontescriacao.com.br\/site\/wp-content\/uploads\/2017\/03\/AVISO-PORTA.jpg\" data-srcset=\"https:\/\/www.pontescriacao.com.br\/site\/wp-content\/uploads\/2017\/03\/AVISO-PORTA.jpg 1182w, https:\/\/www.pontescriacao.com.br\/site\/wp-content\/uploads\/2017\/03\/AVISO-PORTA-150x150.jpg 150w, https:\/\/www.pontescriacao.com.br\/site\/wp-content\/uploads\/2017\/03\/AVISO-PORTA-300x300.jpg 300w, https:\/\/www.pontescriacao.com.br\/site\/wp-content\/uploads\/2017\/03\/AVISO-PORTA-768x768.jpg 768w, https:\/\/www.pontescriacao.com.br\/site\/wp-content\/uploads\/2017\/03\/AVISO-PORTA-1024x1024.jpg 1024w, https:\/\/www.pontescriacao.com.br\/site\/wp-content\/uploads\/2017\/03\/AVISO-PORTA-600x600.jpg 600w, https:\/\/www.pontescriacao.com.br\/site\/wp-content\/uploads\/2017\/03\/AVISO-PORTA-180x180.jpg 180w\" \/><\/a>\n\t<\/div>\n\t<figcaption class=\"woocom-list-content\">\n\n\t\t<div class=\"woocommerce-product-details__short-description\">\n\t<h4 class=\"entry-title\">Material em PVC de 0,3 mm<br \/>\nTamanho: 8,5 x 19,88 cm<br \/>\nImpress\u00e3o em Frente e Verso<br \/>\nFaca padr\u00e3o conforme layout<\/h4>\n<\/div>\n\n\t<\/figcaption>\n<\/figure>\n\n<\/article>\n\n\n\n<article class=\"post visible description-off product type-product post-429 status-publish onbackorder product_cat-cartoes-de-visita product_cat-grafica product_tag-cartoes-de-visita-delux product_tag-verniz-localizado has-post-thumbnail shipping-taxable purchasable product-type-variable\">\n\n\t<figure class=\"woocom-project\">\n\t<div class=\"woo-buttons-on-img\">\n\n\t\t<a href=\"https:\/\/www.pontescriacao.com.br\/site\/produto\/cartao-de-visita-delux\/\" class=\"alignnone layzr-bg\"><img decoding=\"async\" width=\"300\" height=\"300\" src=\"data:image\/svg+xml;charset=utf-8,%3Csvg xmlns%3D&#039;http%3A%2F%2Fwww.w3.org%2F2000%2Fsvg&#039; viewBox%3D&#039;0 0 300 300&#039;%2F%3E\" class=\"attachment-woocommerce_thumbnail size-woocommerce_thumbnail lazy-load preload-me\" alt=\"Cart\u00e3o de Visita Delux\" data-src=\"https:\/\/www.pontescriacao.com.br\/site\/wp-content\/uploads\/2016\/11\/PONTES-MOCKUP-300x300.jpg\" data-srcset=\"https:\/\/www.pontescriacao.com.br\/site\/wp-content\/uploads\/2016\/11\/PONTES-MOCKUP-300x300.jpg 300w, https:\/\/www.pontescriacao.com.br\/site\/wp-content\/uploads\/2016\/11\/PONTES-MOCKUP-150x150.jpg 150w, https:\/\/www.pontescriacao.com.br\/site\/wp-content\/uploads\/2016\/11\/PONTES-MOCKUP-180x180.jpg 180w, https:\/\/www.pontescriacao.com.br\/site\/wp-content\/uploads\/2016\/11\/PONTES-MOCKUP-600x600.jpg 600w\" \/><img decoding=\"async\" width=\"300\" height=\"300\" src=\"data:image\/svg+xml;charset=utf-8,%3Csvg xmlns%3D&#039;http%3A%2F%2Fwww.w3.org%2F2000%2Fsvg&#039; viewBox%3D&#039;0 0 300 300&#039;%2F%3E\" class=\"show-on-hover back-image lazy-load preload-me\" alt=\"\" data-src=\"https:\/\/www.pontescriacao.com.br\/site\/wp-content\/uploads\/2016\/11\/10157386_699123083459549_436539832_n-300x300.jpg\" data-srcset=\"https:\/\/www.pontescriacao.com.br\/site\/wp-content\/uploads\/2016\/11\/10157386_699123083459549_436539832_n-300x300.jpg 300w, https:\/\/www.pontescriacao.com.br\/site\/wp-content\/uploads\/2016\/11\/10157386_699123083459549_436539832_n-150x150.jpg 150w, https:\/\/www.pontescriacao.com.br\/site\/wp-content\/uploads\/2016\/11\/10157386_699123083459549_436539832_n-180x180.jpg 180w, https:\/\/www.pontescriacao.com.br\/site\/wp-content\/uploads\/2016\/11\/10157386_699123083459549_436539832_n-600x600.jpg 600w\" \/><\/a>\n\t<\/div>\n\t<figcaption class=\"woocom-list-content\">\n\n\t\t<div class=\"woocommerce-product-details__short-description\">\n\t<p>Papel couch\u00ea 300g<br \/>\nFrente e verso em Policromia<br \/>\nLamina\u00e7\u00e3o fosca e verniz localizado frente e verso<\/p>\n<p>obs.: O cliente precisa enviar a arte via Whatsapp ou pelo email: pontescriacao@gmail.com<\/p>\n<p>Prazo de entrega: 7 dias (ap\u00f3s aprova\u00e7\u00e3o da arte)<\/p>\n<p><img loading=\"lazy\" decoding=\"async\" class=\"alignnone size-medium wp-image-923\" src=\"https:\/\/www.pontescriacao.com.br\/site\/wp-content\/uploads\/2023\/08\/pix-mercado-pago-300x105.png\" alt=\"\" width=\"300\" height=\"105\" srcset=\"https:\/\/www.pontescriacao.com.br\/site\/wp-content\/uploads\/2023\/08\/pix-mercado-pago-300x105.png 300w, https:\/\/www.pontescriacao.com.br\/site\/wp-content\/uploads\/2023\/08\/pix-mercado-pago-1024x359.png 1024w, https:\/\/www.pontescriacao.com.br\/site\/wp-content\/uploads\/2023\/08\/pix-mercado-pago-768x270.png 768w, https:\/\/www.pontescriacao.com.br\/site\/wp-content\/uploads\/2023\/08\/pix-mercado-pago-600x211.png 600w, https:\/\/www.pontescriacao.com.br\/site\/wp-content\/uploads\/2023\/08\/pix-mercado-pago.png 1080w\" sizes=\"(max-width: 300px) 100vw, 300px\" \/><\/p>\n<\/div>\n\n\t<\/figcaption>\n<\/figure>\n\n<\/article>\n\n\n\n<article class=\"post visible description-off product type-product post-500 status-publish onbackorder product_cat-cartoes-de-visita has-post-thumbnail shipping-taxable purchasable product-type-variable\">\n\n\t<figure class=\"woocom-project\">\n\t<div class=\"woo-buttons-on-img\">\n\n\t\t<a href=\"https:\/\/www.pontescriacao.com.br\/site\/produto\/cartoes-pvc-transparente\/\" class=\"alignnone layzr-bg\"><img loading=\"lazy\" decoding=\"async\" width=\"300\" height=\"300\" src=\"data:image\/svg+xml;charset=utf-8,%3Csvg xmlns%3D&#039;http%3A%2F%2Fwww.w3.org%2F2000%2Fsvg&#039; viewBox%3D&#039;0 0 300 300&#039;%2F%3E\" class=\"attachment-woocommerce_thumbnail size-woocommerce_thumbnail lazy-load preload-me\" alt=\"Cart\u00f5es PVC Transparente\" data-src=\"https:\/\/www.pontescriacao.com.br\/site\/wp-content\/uploads\/2017\/03\/cartoes-pvc-transparente-th.jpg\" data-srcset=\"https:\/\/www.pontescriacao.com.br\/site\/wp-content\/uploads\/2017\/03\/cartoes-pvc-transparente-th.jpg 600w, https:\/\/www.pontescriacao.com.br\/site\/wp-content\/uploads\/2017\/03\/cartoes-pvc-transparente-th-150x150.jpg 150w, https:\/\/www.pontescriacao.com.br\/site\/wp-content\/uploads\/2017\/03\/cartoes-pvc-transparente-th-300x300.jpg 300w, https:\/\/www.pontescriacao.com.br\/site\/wp-content\/uploads\/2017\/03\/cartoes-pvc-transparente-th-180x180.jpg 180w\" \/><\/a>\n\t<\/div>\n\t<figcaption class=\"woocom-list-content\">\n\n\t\t<div class=\"woocommerce-product-details__short-description\">\n\t<p>Cart\u00e3o de Visita PVC 0,3mm Transparente + Branco 8,5 x 5,4<\/p>\n<\/div>\n\n\t<\/figcaption>\n<\/figure>\n\n<\/article>\n\n\n\n<article class=\"post visible description-off product type-product post-926 status-publish last instock product_cat-grafica has-post-thumbnail shipping-taxable purchasable product-type-variable\">\n\n\t<figure class=\"woocom-project\">\n\t<div class=\"woo-buttons-on-img\">\n\n\t\t<a href=\"https:\/\/www.pontescriacao.com.br\/site\/produto\/faixa-higienizadora-descartavel\/\" class=\"alignnone layzr-bg\"><img loading=\"lazy\" decoding=\"async\" width=\"300\" height=\"300\" src=\"data:image\/svg+xml;charset=utf-8,%3Csvg xmlns%3D&#039;http%3A%2F%2Fwww.w3.org%2F2000%2Fsvg&#039; viewBox%3D&#039;0 0 300 300&#039;%2F%3E\" class=\"attachment-woocommerce_thumbnail size-woocommerce_thumbnail lazy-load preload-me\" alt=\"Faixa Higienizadora para Sanit\u00e1rios Descart\u00e1vel\" data-src=\"https:\/\/www.pontescriacao.com.br\/site\/wp-content\/uploads\/2023\/09\/PAPEL-HIGIENIZADOR-DIVULGACAO-300x300.jpg\" data-srcset=\"https:\/\/www.pontescriacao.com.br\/site\/wp-content\/uploads\/2023\/09\/PAPEL-HIGIENIZADOR-DIVULGACAO-300x300.jpg 300w, https:\/\/www.pontescriacao.com.br\/site\/wp-content\/uploads\/2023\/09\/PAPEL-HIGIENIZADOR-DIVULGACAO-1024x1024.jpg 1024w, https:\/\/www.pontescriacao.com.br\/site\/wp-content\/uploads\/2023\/09\/PAPEL-HIGIENIZADOR-DIVULGACAO-150x150.jpg 150w, https:\/\/www.pontescriacao.com.br\/site\/wp-content\/uploads\/2023\/09\/PAPEL-HIGIENIZADOR-DIVULGACAO-768x768.jpg 768w, https:\/\/www.pontescriacao.com.br\/site\/wp-content\/uploads\/2023\/09\/PAPEL-HIGIENIZADOR-DIVULGACAO-600x600.jpg 600w, https:\/\/www.pontescriacao.com.br\/site\/wp-content\/uploads\/2023\/09\/PAPEL-HIGIENIZADOR-DIVULGACAO-200x200.jpg 200w, https:\/\/www.pontescriacao.com.br\/site\/wp-content\/uploads\/2023\/09\/PAPEL-HIGIENIZADOR-DIVULGACAO.jpg 1084w\" \/><\/a>\n\t<\/div>\n\t<figcaption class=\"woocom-list-content\">\n\n\t\t<div class=\"woocommerce-product-details__short-description\">\n\t<p>Faixa Higienizadora Descart\u00e1vel para Hot\u00e9is, Mot\u00e9is e Pusadas.<br \/>\n<strong>Pode ser impresso qualquer arte \/ logomarca com at\u00e9 1 x 0 cor. (qualquer cor a escolha)<\/strong><br \/>\nMedidas: 47 x 6 cm<br \/>\nPapel 75g<\/p>\n<p><a class=\"dt-pswp-item\" href=\"https:\/\/www.pontescriacao.com.br\/site\/wp-content\/uploads\/2023\/08\/pix-mercado-pago.png\" data-dt-img-description=\"\" data-large_image_width=\"1080\" data-large_image_height=\"379\"><img loading=\"lazy\" decoding=\"async\" class=\"alignnone size-medium wp-image-923\" src=\"https:\/\/www.pontescriacao.com.br\/site\/wp-content\/uploads\/2023\/08\/pix-mercado-pago-300x105.png\" alt=\"\" width=\"300\" height=\"105\" srcset=\"https:\/\/www.pontescriacao.com.br\/site\/wp-content\/uploads\/2023\/08\/pix-mercado-pago-300x105.png 300w, https:\/\/www.pontescriacao.com.br\/site\/wp-content\/uploads\/2023\/08\/pix-mercado-pago-1024x359.png 1024w, https:\/\/www.pontescriacao.com.br\/site\/wp-content\/uploads\/2023\/08\/pix-mercado-pago-768x270.png 768w, https:\/\/www.pontescriacao.com.br\/site\/wp-content\/uploads\/2023\/08\/pix-mercado-pago-600x211.png 600w, https:\/\/www.pontescriacao.com.br\/site\/wp-content\/uploads\/2023\/08\/pix-mercado-pago.png 1080w\" sizes=\"(max-width: 300px) 100vw, 300px\" \/><\/a><\/p>\n<\/div>\n\n\t<\/figcaption>\n<\/figure>\n\n<\/article>\n\n\n\n<article class=\"post visible description-off product type-product post-474 status-publish first instock product_cat-ima-geladeira has-post-thumbnail shipping-taxable purchasable product-type-variable\">\n\n\t<figure class=\"woocom-project\">\n\t<div class=\"woo-buttons-on-img\">\n\n\t\t<a href=\"https:\/\/www.pontescriacao.com.br\/site\/produto\/ima-de-geladeira\/\" class=\"alignnone layzr-bg\"><img loading=\"lazy\" decoding=\"async\" width=\"300\" height=\"300\" src=\"data:image\/svg+xml;charset=utf-8,%3Csvg xmlns%3D&#039;http%3A%2F%2Fwww.w3.org%2F2000%2Fsvg&#039; viewBox%3D&#039;0 0 300 300&#039;%2F%3E\" class=\"attachment-woocommerce_thumbnail size-woocommerce_thumbnail lazy-load preload-me\" alt=\"\u00cdm\u00e3 de Geladeira\" data-src=\"https:\/\/www.pontescriacao.com.br\/site\/wp-content\/uploads\/2017\/01\/ima.jpg\" data-srcset=\"https:\/\/www.pontescriacao.com.br\/site\/wp-content\/uploads\/2017\/01\/ima.jpg 1182w, https:\/\/www.pontescriacao.com.br\/site\/wp-content\/uploads\/2017\/01\/ima-150x150.jpg 150w, https:\/\/www.pontescriacao.com.br\/site\/wp-content\/uploads\/2017\/01\/ima-300x300.jpg 300w, https:\/\/www.pontescriacao.com.br\/site\/wp-content\/uploads\/2017\/01\/ima-768x768.jpg 768w, https:\/\/www.pontescriacao.com.br\/site\/wp-content\/uploads\/2017\/01\/ima-1024x1024.jpg 1024w, https:\/\/www.pontescriacao.com.br\/site\/wp-content\/uploads\/2017\/01\/ima-600x600.jpg 600w, https:\/\/www.pontescriacao.com.br\/site\/wp-content\/uploads\/2017\/01\/ima-180x180.jpg 180w\" \/><\/a>\n\t<\/div>\n\t<figcaption class=\"woocom-list-content\">\n\n\t\t\n\t<\/figcaption>\n<\/figure>\n\n<\/article>\n\n\n\n<article class=\"post visible description-off product type-product post-485 status-publish outofstock product_cat-ima-geladeira has-post-thumbnail shipping-taxable purchasable product-type-variable\">\n\n\t<figure class=\"woocom-project\">\n\t<div class=\"woo-buttons-on-img\">\n\n\t\t<a href=\"https:\/\/www.pontescriacao.com.br\/site\/produto\/ima-de-geladeira-faca-especial\/\" class=\"alignnone layzr-bg\"><img loading=\"lazy\" decoding=\"async\" width=\"300\" height=\"300\" src=\"data:image\/svg+xml;charset=utf-8,%3Csvg xmlns%3D&#039;http%3A%2F%2Fwww.w3.org%2F2000%2Fsvg&#039; viewBox%3D&#039;0 0 300 300&#039;%2F%3E\" class=\"attachment-woocommerce_thumbnail size-woocommerce_thumbnail lazy-load preload-me\" alt=\"\u00cdm\u00e3 de Geladeira Faca Especial\" data-src=\"https:\/\/www.pontescriacao.com.br\/site\/wp-content\/uploads\/2017\/01\/ima-corte-especial.jpg\" data-srcset=\"https:\/\/www.pontescriacao.com.br\/site\/wp-content\/uploads\/2017\/01\/ima-corte-especial.jpg 1182w, https:\/\/www.pontescriacao.com.br\/site\/wp-content\/uploads\/2017\/01\/ima-corte-especial-150x150.jpg 150w, https:\/\/www.pontescriacao.com.br\/site\/wp-content\/uploads\/2017\/01\/ima-corte-especial-300x300.jpg 300w, https:\/\/www.pontescriacao.com.br\/site\/wp-content\/uploads\/2017\/01\/ima-corte-especial-768x768.jpg 768w, https:\/\/www.pontescriacao.com.br\/site\/wp-content\/uploads\/2017\/01\/ima-corte-especial-1024x1024.jpg 1024w, https:\/\/www.pontescriacao.com.br\/site\/wp-content\/uploads\/2017\/01\/ima-corte-especial-600x600.jpg 600w, https:\/\/www.pontescriacao.com.br\/site\/wp-content\/uploads\/2017\/01\/ima-corte-especial-180x180.jpg 180w\" \/><\/a><span class=\"out-stock-label\">Out of stock<\/span>\n\t<\/div>\n\t<figcaption class=\"woocom-list-content\">\n\n\t\t\n\t<\/figcaption>\n<\/figure>\n\n<\/article>\n\n<\/div><\/div>[\/vc_column][\/vc_row]<\/p>\n<\/div>","protected":false},"excerpt":{"rendered":"<p>[vc_row][vc_column][\/vc_column][\/vc_row]<\/p>\n","protected":false},"author":1,"featured_media":0,"parent":0,"menu_order":0,"comment_status":"closed","ping_status":"closed","template":"","meta":{"inline_featured_image":false,"_joinchat":[],"footnotes":""},"class_list":["post-254","page","type-page","status-publish","hentry","description-off"],"_links":{"self":[{"href":"https:\/\/www.pontescriacao.com.br\/site\/wp-json\/wp\/v2\/pages\/254","targetHints":{"allow":["GET"]}}],"collection":[{"href":"https:\/\/www.pontescriacao.com.br\/site\/wp-json\/wp\/v2\/pages"}],"about":[{"href":"https:\/\/www.pontescriacao.com.br\/site\/wp-json\/wp\/v2\/types\/page"}],"author":[{"embeddable":true,"href":"https:\/\/www.pontescriacao.com.br\/site\/wp-json\/wp\/v2\/users\/1"}],"replies":[{"embeddable":true,"href":"https:\/\/www.pontescriacao.com.br\/site\/wp-json\/wp\/v2\/comments?post=254"}],"version-history":[{"count":0,"href":"https:\/\/www.pontescriacao.com.br\/site\/wp-json\/wp\/v2\/pages\/254\/revisions"}],"wp:attachment":[{"href":"https:\/\/www.pontescriacao.com.br\/site\/wp-json\/wp\/v2\/media?parent=254"}],"curies":[{"name":"wp","href":"https:\/\/api.w.org\/{rel}","templated":true}]}}