{"id":328,"date":"2016-07-04T02:03:41","date_gmt":"2016-07-04T02:03:41","guid":{"rendered":"http:\/\/www.pontescriacao.com.br\/site\/?page_id=328"},"modified":"2018-05-08T19:57:21","modified_gmt":"2018-05-08T19:57:21","slug":"edicao-videos","status":"publish","type":"page","link":"https:\/\/www.pontescriacao.com.br\/site\/edicao-videos\/","title":{"rendered":"Edi\u00e7\u00e3o de V\u00eddeos"},"content":{"rendered":"<div class=\"wpb-content-wrapper\"><p>[vc_row][vc_column][vc_column_text]<\/p>\n<h3 style=\"text-align: center;\">Edi\u00e7\u00e3o de v\u00eddeos para Instagram e Facebook.<\/h3>\n<p>[\/vc_column_text][\/vc_column][\/vc_row][vc_row][vc_column width=&#8221;1\/3&#8243;][vc_custom_heading text=&#8221;V\u00eddeo institucional do Bar da Lagoa&#8221; font_container=&#8221;tag:h4|text_align:center&#8221; google_fonts=&#8221;font_family:Muli%3A300%2C300italic%2Cregular%2Citalic|font_style:400%20regular%3A400%3Anormal&#8221;][vc_video link=&#8221;https:\/\/www.youtube.com\/watch?v=SbUwh5dD-x8&amp;t=9s&#8221; align=&#8221;right&#8221;][\/vc_column][vc_column width=&#8221;1\/3&#8243;][vc_custom_heading text=&#8221;V\u00eddeo institucional do Bar da Lagoa&#8221; font_container=&#8221;tag:h4|text_align:center&#8221; google_fonts=&#8221;font_family:Muli%3A300%2C300italic%2Cregular%2Citalic|font_style:400%20regular%3A400%3Anormal&#8221;][vc_video link=&#8221;https:\/\/www.youtube.com\/watch?v=SbUwh5dD-x8&amp;t=9s&#8221; align=&#8221;right&#8221;][\/vc_column][vc_column width=&#8221;1\/3&#8243;][vc_custom_heading text=&#8221;V\u00eddeo institucional do Bar da Lagoa&#8221; font_container=&#8221;tag:h4|text_align:center&#8221; google_fonts=&#8221;font_family:Muli%3A300%2C300italic%2Cregular%2Citalic|font_style:400%20regular%3A400%3Anormal&#8221;][vc_video link=&#8221;https:\/\/www.youtube.com\/watch?v=SbUwh5dD-x8&amp;t=9s&#8221; align=&#8221;right&#8221;][\/vc_column][\/vc_row]<\/p>\n<\/div>","protected":false},"excerpt":{"rendered":"<p>[vc_row][vc_column][vc_column_text] Edi\u00e7\u00e3o de v\u00eddeos para Instagram e Facebook. [\/vc_column_text][\/vc_column][\/vc_row][vc_row][vc_column width=&#8221;1\/3&#8243;][vc_custom_heading text=&#8221;V\u00eddeo institucional do Bar da Lagoa&#8221; font_container=&#8221;tag:h4|text_align:center&#8221; google_fonts=&#8221;font_family:Muli%3A300%2C300italic%2Cregular%2Citalic|font_style:400%20regular%3A400%3Anormal&#8221;][vc_video link=&#8221;https:\/\/www.youtube.com\/watch?v=SbUwh5dD-x8&amp;t=9s&#8221; align=&#8221;right&#8221;][\/vc_column][vc_column width=&#8221;1\/3&#8243;][vc_custom_heading text=&#8221;V\u00eddeo institucional do Bar da Lagoa&#8221; font_container=&#8221;tag:h4|text_align:center&#8221; google_fonts=&#8221;font_family:Muli%3A300%2C300italic%2Cregular%2Citalic|font_style:400%20regular%3A400%3Anormal&#8221;][vc_video link=&#8221;https:\/\/www.youtube.com\/watch?v=SbUwh5dD-x8&amp;t=9s&#8221; align=&#8221;right&#8221;][\/vc_column][vc_column width=&#8221;1\/3&#8243;][vc_custom_heading text=&#8221;V\u00eddeo institucional do Bar da Lagoa&#8221; font_container=&#8221;tag:h4|text_align:center&#8221; google_fonts=&#8221;font_family:Muli%3A300%2C300italic%2Cregular%2Citalic|font_style:400%20regular%3A400%3Anormal&#8221;][vc_video link=&#8221;https:\/\/www.youtube.com\/watch?v=SbUwh5dD-x8&amp;t=9s&#8221; align=&#8221;right&#8221;][\/vc_column][\/vc_row]<\/p>\n","protected":false},"author":1,"featured_media":0,"parent":0,"menu_order":0,"comment_status":"closed","ping_status":"closed","template":"","meta":{"inline_featured_image":false,"_joinchat":[],"footnotes":""},"class_list":["post-328","page","type-page","status-publish","hentry","description-off"],"_links":{"self":[{"href":"https:\/\/www.pontescriacao.com.br\/site\/wp-json\/wp\/v2\/pages\/328","targetHints":{"allow":["GET"]}}],"collection":[{"href":"https:\/\/www.pontescriacao.com.br\/site\/wp-json\/wp\/v2\/pages"}],"about":[{"href":"https:\/\/www.pontescriacao.com.br\/site\/wp-json\/wp\/v2\/types\/page"}],"author":[{"embeddable":true,"href":"https:\/\/www.pontescriacao.com.br\/site\/wp-json\/wp\/v2\/users\/1"}],"replies":[{"embeddable":true,"href":"https:\/\/www.pontescriacao.com.br\/site\/wp-json\/wp\/v2\/comments?post=328"}],"version-history":[{"count":0,"href":"https:\/\/www.pontescriacao.com.br\/site\/wp-json\/wp\/v2\/pages\/328\/revisions"}],"wp:attachment":[{"href":"https:\/\/www.pontescriacao.com.br\/site\/wp-json\/wp\/v2\/media?parent=328"}],"curies":[{"name":"wp","href":"https:\/\/api.w.org\/{rel}","templated":true}]}}