{"id":41,"date":"2016-05-27T00:56:19","date_gmt":"2016-05-27T00:56:19","guid":{"rendered":"http:\/\/www.pontescriacao.com.br\/site\/?page_id=41"},"modified":"2017-03-14T16:39:28","modified_gmt":"2017-03-14T16:39:28","slug":"web","status":"publish","type":"page","link":"https:\/\/www.pontescriacao.com.br\/site\/web\/","title":{"rendered":"Web"},"content":{"rendered":"<div class=\"wpb-content-wrapper\"><p>[vc_row][vc_column width=&#8221;1\/2&#8243;][vc_column_text]<\/p>\n<p style=\"text-align: center;\"><a class=\"dt-single-image\" href=\"http:\/\/www.pontescriacao.com.br\/site\/wp-content\/uploads\/2016\/05\/webdesign-destaque-dinamico.png\" data-dt-img-description=\"\"><img decoding=\"async\" class=\"alignnone size-medium wp-image-533\" src=\"http:\/\/www.pontescriacao.com.br\/site\/wp-content\/uploads\/2016\/05\/webdesign-destaque-dinamico-300x60.png\" alt=\"\" width=\"300\" height=\"60\" srcset=\"https:\/\/www.pontescriacao.com.br\/site\/wp-content\/uploads\/2016\/05\/webdesign-destaque-dinamico-300x60.png 300w, https:\/\/www.pontescriacao.com.br\/site\/wp-content\/uploads\/2016\/05\/webdesign-destaque-dinamico-768x154.png 768w, https:\/\/www.pontescriacao.com.br\/site\/wp-content\/uploads\/2016\/05\/webdesign-destaque-dinamico-600x120.png 600w, https:\/\/www.pontescriacao.com.br\/site\/wp-content\/uploads\/2016\/05\/webdesign-destaque-dinamico.png 1000w\" sizes=\"(max-width: 300px) 100vw, 300px\" \/><\/a><\/p>\n<p>[\/vc_column_text][vc_tta_tour active_section=&#8221;1&#8243;][vc_tta_section i_icon_fontawesome=&#8221;fa fa-user&#8221; title=&#8221;Painel Administrativo&#8221; tab_id=&#8221;1488479177246-d54730e5-3d9d&#8221; add_icon=&#8221;true&#8221;][vc_column_text]\u2022\u00a0Painel de controle administrativo. Altere o conte\u00fado do site, fotos, textos e v\u00eddeos.<\/p>\n<p><a class=\"dt-single-image\" href=\"http:\/\/www.pontescriacao.com.br\/site\/wp-content\/uploads\/2016\/05\/wordpress_02.jpg\" data-dt-img-description=\"\"><img fetchpriority=\"high\" decoding=\"async\" class=\"wp-image-543 size-full aligncenter\" src=\"http:\/\/www.pontescriacao.com.br\/site\/wp-content\/uploads\/2016\/05\/wordpress_02.jpg\" width=\"500\" height=\"349\" srcset=\"https:\/\/www.pontescriacao.com.br\/site\/wp-content\/uploads\/2016\/05\/wordpress_02.jpg 500w, https:\/\/www.pontescriacao.com.br\/site\/wp-content\/uploads\/2016\/05\/wordpress_02-300x209.jpg 300w\" sizes=\"(max-width: 500px) 100vw, 500px\" \/><\/a><\/p>\n<p>[\/vc_column_text][\/vc_tta_section][vc_tta_section i_icon_fontawesome=&#8221;fa fa-television&#8221; title=&#8221;Flexibilidade&#8221; add_icon=&#8221;true&#8221; tab_id=&#8221;1488479177431-ab227e1f-9f2d&#8221;][vc_column_text]<b>Website<\/b>\u00a0<b>responsivo,\u00a0<\/b>o site automaticamente se encaixa no dispositivo do usu\u00e1rio (PC, celular, tablet, etc). Um site responsivo tem a flexibilidade de se adaptar de acordo com o\u00a0tamanho da tela em que o site \u00e9 exibido.<\/p>\n<p><a class=\"dt-single-image\" href=\"http:\/\/www.pontescriacao.com.br\/site\/wp-content\/uploads\/2016\/05\/webdesign-destaque-menor.jpg\" data-dt-img-description=\"\"><img decoding=\"async\" class=\"aligncenter wp-image-577 size-full\" src=\"http:\/\/www.pontescriacao.com.br\/site\/wp-content\/uploads\/2016\/05\/webdesign-destaque-menor.jpg\" width=\"800\" height=\"800\" srcset=\"https:\/\/www.pontescriacao.com.br\/site\/wp-content\/uploads\/2016\/05\/webdesign-destaque-menor.jpg 800w, https:\/\/www.pontescriacao.com.br\/site\/wp-content\/uploads\/2016\/05\/webdesign-destaque-menor-150x150.jpg 150w, https:\/\/www.pontescriacao.com.br\/site\/wp-content\/uploads\/2016\/05\/webdesign-destaque-menor-300x300.jpg 300w, https:\/\/www.pontescriacao.com.br\/site\/wp-content\/uploads\/2016\/05\/webdesign-destaque-menor-768x768.jpg 768w, https:\/\/www.pontescriacao.com.br\/site\/wp-content\/uploads\/2016\/05\/webdesign-destaque-menor-600x600.jpg 600w, https:\/\/www.pontescriacao.com.br\/site\/wp-content\/uploads\/2016\/05\/webdesign-destaque-menor-180x180.jpg 180w\" sizes=\"(max-width: 800px) 100vw, 800px\" \/><\/a>[\/vc_column_text][\/vc_tta_section][vc_tta_section i_icon_fontawesome=&#8221;fa fa-stack-overflow&#8221; title=&#8221;Slide Show&#8221; tab_id=&#8221;1488479177605-d5bbc7d8-17cb&#8221; add_icon=&#8221;true&#8221;][vc_column_text]\u2022<strong> Slideshow de Fotos\u00a0&#8211;\u00a0<\/strong>fotos em destaque com efeito de rota\u00e7\u00e3o.<\/p>\n<p><a class=\"dt-single-image\" href=\"http:\/\/www.pontescriacao.com.br\/site\/wp-content\/uploads\/2016\/05\/slideshow.png\" data-dt-img-description=\"\"><img loading=\"lazy\" decoding=\"async\" class=\"alignnone size-medium wp-image-565\" src=\"http:\/\/www.pontescriacao.com.br\/site\/wp-content\/uploads\/2016\/05\/slideshow-300x210.png\" alt=\"\" width=\"300\" height=\"210\" srcset=\"https:\/\/www.pontescriacao.com.br\/site\/wp-content\/uploads\/2016\/05\/slideshow-300x210.png 300w, https:\/\/www.pontescriacao.com.br\/site\/wp-content\/uploads\/2016\/05\/slideshow.png 500w\" sizes=\"(max-width: 300px) 100vw, 300px\" \/><\/a>[\/vc_column_text][\/vc_tta_section][vc_tta_section i_icon_fontawesome=&#8221;fa fa-facebook-square&#8221; title=&#8221;M\u00eddias Sociais&#8221; tab_id=&#8221;1488479177517-b3d5e2d6-4fb8&#8243; add_icon=&#8221;true&#8221;][vc_column_text]Integra\u00e7\u00e3o com as m\u00eddias sociais mais conhecidas (G+, Instagram, Facebook, Tweeter, etc)<\/p>\n<p><a class=\"dt-single-image\" href=\"http:\/\/www.pontescriacao.com.br\/site\/wp-content\/uploads\/2016\/05\/midias.png\" data-dt-img-description=\"\"><img loading=\"lazy\" decoding=\"async\" class=\"aligncenter wp-image-573 size-full\" src=\"http:\/\/www.pontescriacao.com.br\/site\/wp-content\/uploads\/2016\/05\/midias.png\" width=\"430\" height=\"244\" srcset=\"https:\/\/www.pontescriacao.com.br\/site\/wp-content\/uploads\/2016\/05\/midias.png 430w, https:\/\/www.pontescriacao.com.br\/site\/wp-content\/uploads\/2016\/05\/midias-300x170.png 300w\" sizes=\"(max-width: 430px) 100vw, 430px\" \/><\/a>[\/vc_column_text][\/vc_tta_section][vc_tta_section i_icon_fontawesome=&#8221;fa fa-camera&#8221; title=&#8221;Galeria de Fotos&#8221; tab_id=&#8221;1488479177712-f86c8604-77bb&#8221; add_icon=&#8221;true&#8221;][vc_column_text]\u2022 Sistema de Edi\u00e7\u00e3o de itens e fotos do site<br \/>\n<a class=\"dt-single-image\" href=\"http:\/\/www.pontescriacao.com.br\/site\/wp-content\/uploads\/2016\/05\/admin-fotos.jpg\" data-dt-img-description=\"\"><img loading=\"lazy\" decoding=\"async\" class=\"aligncenter wp-image-568\" src=\"http:\/\/www.pontescriacao.com.br\/site\/wp-content\/uploads\/2016\/05\/admin-fotos-300x258.jpg\" width=\"500\" height=\"431\" srcset=\"https:\/\/www.pontescriacao.com.br\/site\/wp-content\/uploads\/2016\/05\/admin-fotos-300x258.jpg 300w, https:\/\/www.pontescriacao.com.br\/site\/wp-content\/uploads\/2016\/05\/admin-fotos-768x661.jpg 768w, https:\/\/www.pontescriacao.com.br\/site\/wp-content\/uploads\/2016\/05\/admin-fotos-600x517.jpg 600w, https:\/\/www.pontescriacao.com.br\/site\/wp-content\/uploads\/2016\/05\/admin-fotos.jpg 800w\" sizes=\"(max-width: 500px) 100vw, 500px\" \/><\/a>[\/vc_column_text][\/vc_tta_section][vc_tta_section i_icon_fontawesome=&#8221;fa fa-comment&#8221; title=&#8221;Blog&#8221; tab_id=&#8221;1488479177827-237990b0-8daa&#8221; add_icon=&#8221;true&#8221;][vc_column_text]\u2022 Blog totalmente customiz\u00e1vel, voc\u00ea pode criar categorias e delegar fun\u00e7\u00f5es administrativas para edi\u00e7\u00e3o.[\/vc_column_text][\/vc_tta_section][vc_tta_section i_icon_fontawesome=&#8221;fa fa-youtube-play&#8221; title=&#8221;V\u00eddeos&#8221; tab_id=&#8221;1488479177957-7eb98df4-0992&#8243; add_icon=&#8221;true&#8221;][vc_column_text]\u2022 M\u00f3dulo V\u00eddeo (o administrador poder\u00e1 adicionar v\u00eddeos na edi\u00e7\u00e3o apenas colocando o \u201clink\u201d do youtube)<br \/>\n<a class=\"dt-single-image\" href=\"http:\/\/www.pontescriacao.com.br\/site\/wp-content\/uploads\/2016\/05\/youtube.png\" data-dt-img-description=\"\"><img loading=\"lazy\" decoding=\"async\" class=\"aligncenter wp-image-590 size-full\" src=\"http:\/\/www.pontescriacao.com.br\/site\/wp-content\/uploads\/2016\/05\/youtube.png\" width=\"640\" height=\"452\" srcset=\"https:\/\/www.pontescriacao.com.br\/site\/wp-content\/uploads\/2016\/05\/youtube.png 640w, https:\/\/www.pontescriacao.com.br\/site\/wp-content\/uploads\/2016\/05\/youtube-300x212.png 300w, https:\/\/www.pontescriacao.com.br\/site\/wp-content\/uploads\/2016\/05\/youtube-600x424.png 600w\" sizes=\"(max-width: 640px) 100vw, 640px\" \/><\/a>[\/vc_column_text][\/vc_tta_section][vc_tta_section i_icon_fontawesome=&#8221;fa fa-user-md&#8221; title=&#8221;Treinamento&#8221; tab_id=&#8221;1488479177341-3ed5ab28-41be&#8221; add_icon=&#8221;true&#8221;][vc_column_text]\u2022 Treinamento e suporte por 30 dias.[\/vc_column_text][\/vc_tta_section][\/vc_tta_tour][vc_btn title=&#8221;Veja nosso portfolio&#8221; color=&#8221;black&#8221; align=&#8221;center&#8221; i_icon_fontawesome=&#8221;fa fa-check&#8221; link=&#8221;url:http%3A%2F%2Fwww.pontescriacao.com.br%2Fsite%2Fportfolio-website%2F||target:%20_blank&#8221; add_icon=&#8221;true&#8221;][vc_btn title=&#8221;Contratar Agora!&#8221; color=&#8221;green&#8221; align=&#8221;center&#8221; i_icon_fontawesome=&#8221;fa fa-check&#8221; link=&#8221;url:http%3A%2F%2Fwww.pontescriacao.com.br%2Fsite%2Fproduto%2Fwebsite-p1%2F||&#8221; add_icon=&#8221;true&#8221;][\/vc_column][vc_column width=&#8221;1\/2&#8243;][vc_column_text]<\/p>\n<p style=\"text-align: center;\"><img loading=\"lazy\" decoding=\"async\" class=\"alignnone size-medium wp-image-532\" src=\"http:\/\/www.pontescriacao.com.br\/site\/wp-content\/uploads\/2016\/05\/webdesign-destaque-basicos-300x60.png\" alt=\"\" width=\"300\" height=\"60\" srcset=\"https:\/\/www.pontescriacao.com.br\/site\/wp-content\/uploads\/2016\/05\/webdesign-destaque-basicos-300x60.png 300w, https:\/\/www.pontescriacao.com.br\/site\/wp-content\/uploads\/2016\/05\/webdesign-destaque-basicos-768x154.png 768w, https:\/\/www.pontescriacao.com.br\/site\/wp-content\/uploads\/2016\/05\/webdesign-destaque-basicos-600x120.png 600w, https:\/\/www.pontescriacao.com.br\/site\/wp-content\/uploads\/2016\/05\/webdesign-destaque-basicos.png 1000w\" sizes=\"(max-width: 300px) 100vw, 300px\" \/><\/p>\n<p>[\/vc_column_text][vc_column_text]Site b\u00e1sico tamb\u00e9m chamado de &#8220;Hot Site&#8221;, contendo uma\u00a0p\u00e1gina que mostra de uma s\u00f3 vez os itens abaixo:<br \/>\n\u2022 Slideshow rotativo<br \/>\n\u2022 Galeria de Imagens<br \/>\n\u2022 \u00c1rea de\u00a0destaques<br \/>\n\u2022 Formul\u00e1rio envio de email<br \/>\n\u2022 Geo-localiza\u00e7\u00e3o Gmaps<\/p>\n<p>Adapt\u00e1vel a todas as dimens\u00f5es de telas e dispositivos m\u00f3veis.<\/p>\n<p>N\u00e3o inclui sistema de administra\u00e7\u00e3o. Para manuten\u00e7\u00e3o do mesmo consulte-nos.<\/p>\n<p>Indicado para profissionais liberais, divulga\u00e7\u00e3o de\u00a0um produto ou promo\u00e7\u00e3o para as redes sociais.[\/vc_column_text][vc_btn title=&#8221;Contratar Agora!&#8221; color=&#8221;green&#8221; align=&#8221;center&#8221; i_icon_fontawesome=&#8221;fa fa-check&#8221; link=&#8221;url:http%3A%2F%2Fwww.pontescriacao.com.br%2Fsite%2Fproduto%2Fwebsite-basico%2F||&#8221; add_icon=&#8221;true&#8221;][\/vc_column][\/vc_row]<\/p>\n<\/div>","protected":false},"excerpt":{"rendered":"<p>[vc_row][vc_column width=&#8221;1\/2&#8243;][vc_column_text] [\/vc_column_text][vc_tta_tour active_section=&#8221;1&#8243;][vc_tta_section i_icon_fontawesome=&#8221;fa fa-user&#8221; title=&#8221;Painel Administrativo&#8221; tab_id=&#8221;1488479177246-d54730e5-3d9d&#8221; add_icon=&#8221;true&#8221;][vc_column_text]\u2022\u00a0Painel de controle administrativo. Altere o conte\u00fado do site, fotos, textos e v\u00eddeos. [\/vc_column_text][\/vc_tta_section][vc_tta_section i_icon_fontawesome=&#8221;fa fa-television&#8221; title=&#8221;Flexibilidade&#8221; add_icon=&#8221;true&#8221; tab_id=&#8221;1488479177431-ab227e1f-9f2d&#8221;][vc_column_text]Website\u00a0responsivo,\u00a0o site automaticamente se encaixa no dispositivo do usu\u00e1rio (PC, celular, tablet, etc). Um site responsivo tem a flexibilidade de se adaptar de acordo com o\u00a0tamanho da tela&hellip;<\/p>\n","protected":false},"author":1,"featured_media":0,"parent":0,"menu_order":0,"comment_status":"closed","ping_status":"closed","template":"","meta":{"inline_featured_image":false,"_joinchat":[],"footnotes":""},"class_list":["post-41","page","type-page","status-publish","hentry","description-off"],"_links":{"self":[{"href":"https:\/\/www.pontescriacao.com.br\/site\/wp-json\/wp\/v2\/pages\/41","targetHints":{"allow":["GET"]}}],"collection":[{"href":"https:\/\/www.pontescriacao.com.br\/site\/wp-json\/wp\/v2\/pages"}],"about":[{"href":"https:\/\/www.pontescriacao.com.br\/site\/wp-json\/wp\/v2\/types\/page"}],"author":[{"embeddable":true,"href":"https:\/\/www.pontescriacao.com.br\/site\/wp-json\/wp\/v2\/users\/1"}],"replies":[{"embeddable":true,"href":"https:\/\/www.pontescriacao.com.br\/site\/wp-json\/wp\/v2\/comments?post=41"}],"version-history":[{"count":0,"href":"https:\/\/www.pontescriacao.com.br\/site\/wp-json\/wp\/v2\/pages\/41\/revisions"}],"wp:attachment":[{"href":"https:\/\/www.pontescriacao.com.br\/site\/wp-json\/wp\/v2\/media?parent=41"}],"curies":[{"name":"wp","href":"https:\/\/api.w.org\/{rel}","templated":true}]}}