{"id":448,"date":"2016-12-26T02:16:02","date_gmt":"2016-12-26T02:16:02","guid":{"rendered":"http:\/\/www.pontescriacao.com.br\/site\/?page_id=448"},"modified":"2018-05-08T19:00:29","modified_gmt":"2018-05-08T19:00:29","slug":"cartoes-de-visita","status":"publish","type":"page","link":"https:\/\/www.pontescriacao.com.br\/site\/cartoes-de-visita\/","title":{"rendered":"Cart\u00f5es de Visita"},"content":{"rendered":"<div class=\"wpb-content-wrapper\"><p>[vc_row][vc_column]<div class=\"woocommerce columns-4 \"><div class=\"wf-container dt-products  woo-hover products loading-effect-fade-in description-on-hover cart-btn-on-img wc-img-hover hide-description\" data-padding=\"0px\" data-cur-page=\"1\" data-desktop-columns-num=\"4\" data-v-tablet-columns-num=\"2\" data-h-tablet-columns-num=\"3\" data-phone-columns-num=\"1\">\n\n<article class=\"post visible description-off product type-product post-429 status-publish first onbackorder product_cat-cartoes-de-visita product_cat-grafica product_tag-cartoes-de-visita-delux product_tag-verniz-localizado has-post-thumbnail shipping-taxable purchasable product-type-variable\">\n\n\t<figure class=\"woocom-project\">\n\t<div class=\"woo-buttons-on-img\">\n\n\t\t<a href=\"https:\/\/www.pontescriacao.com.br\/site\/produto\/cartao-de-visita-delux\/\" class=\"alignnone layzr-bg\"><img fetchpriority=\"high\" decoding=\"async\" width=\"300\" height=\"300\" src=\"data:image\/svg+xml;charset=utf-8,%3Csvg xmlns%3D&#039;http%3A%2F%2Fwww.w3.org%2F2000%2Fsvg&#039; viewBox%3D&#039;0 0 300 300&#039;%2F%3E\" class=\"attachment-woocommerce_thumbnail size-woocommerce_thumbnail lazy-load preload-me\" alt=\"Cart\u00e3o de Visita Delux\" data-src=\"https:\/\/www.pontescriacao.com.br\/site\/wp-content\/uploads\/2016\/11\/PONTES-MOCKUP-300x300.jpg\" data-srcset=\"https:\/\/www.pontescriacao.com.br\/site\/wp-content\/uploads\/2016\/11\/PONTES-MOCKUP-300x300.jpg 300w, https:\/\/www.pontescriacao.com.br\/site\/wp-content\/uploads\/2016\/11\/PONTES-MOCKUP-150x150.jpg 150w, https:\/\/www.pontescriacao.com.br\/site\/wp-content\/uploads\/2016\/11\/PONTES-MOCKUP-180x180.jpg 180w, https:\/\/www.pontescriacao.com.br\/site\/wp-content\/uploads\/2016\/11\/PONTES-MOCKUP-600x600.jpg 600w\" \/><img decoding=\"async\" width=\"300\" height=\"300\" src=\"data:image\/svg+xml;charset=utf-8,%3Csvg xmlns%3D&#039;http%3A%2F%2Fwww.w3.org%2F2000%2Fsvg&#039; viewBox%3D&#039;0 0 300 300&#039;%2F%3E\" class=\"show-on-hover back-image lazy-load preload-me\" alt=\"\" data-src=\"https:\/\/www.pontescriacao.com.br\/site\/wp-content\/uploads\/2016\/11\/10157386_699123083459549_436539832_n-300x300.jpg\" data-srcset=\"https:\/\/www.pontescriacao.com.br\/site\/wp-content\/uploads\/2016\/11\/10157386_699123083459549_436539832_n-300x300.jpg 300w, https:\/\/www.pontescriacao.com.br\/site\/wp-content\/uploads\/2016\/11\/10157386_699123083459549_436539832_n-150x150.jpg 150w, https:\/\/www.pontescriacao.com.br\/site\/wp-content\/uploads\/2016\/11\/10157386_699123083459549_436539832_n-180x180.jpg 180w, https:\/\/www.pontescriacao.com.br\/site\/wp-content\/uploads\/2016\/11\/10157386_699123083459549_436539832_n-600x600.jpg 600w\" \/><\/a>\n\t<\/div>\n\t<figcaption class=\"woocom-list-content\">\n\n\t\t<div class=\"woocommerce-product-details__short-description\">\n\t<p>Papel couch\u00ea 300g<br \/>\nFrente e verso em Policromia<br \/>\nLamina\u00e7\u00e3o fosca e verniz localizado frente e verso<\/p>\n<p>obs.: O cliente precisa enviar a arte via Whatsapp ou pelo email: pontescriacao@gmail.com<\/p>\n<p>Prazo de entrega: 7 dias (ap\u00f3s aprova\u00e7\u00e3o da arte)<\/p>\n<p><img decoding=\"async\" class=\"alignnone size-medium wp-image-923\" src=\"https:\/\/www.pontescriacao.com.br\/site\/wp-content\/uploads\/2023\/08\/pix-mercado-pago-300x105.png\" alt=\"\" width=\"300\" height=\"105\" srcset=\"https:\/\/www.pontescriacao.com.br\/site\/wp-content\/uploads\/2023\/08\/pix-mercado-pago-300x105.png 300w, https:\/\/www.pontescriacao.com.br\/site\/wp-content\/uploads\/2023\/08\/pix-mercado-pago-1024x359.png 1024w, https:\/\/www.pontescriacao.com.br\/site\/wp-content\/uploads\/2023\/08\/pix-mercado-pago-768x270.png 768w, https:\/\/www.pontescriacao.com.br\/site\/wp-content\/uploads\/2023\/08\/pix-mercado-pago-600x211.png 600w, https:\/\/www.pontescriacao.com.br\/site\/wp-content\/uploads\/2023\/08\/pix-mercado-pago.png 1080w\" sizes=\"(max-width: 300px) 100vw, 300px\" \/><\/p>\n<\/div>\n\n\t<\/figcaption>\n<\/figure>\n\n<\/article>\n\n\n\n<article class=\"post visible description-off product type-product post-500 status-publish onbackorder product_cat-cartoes-de-visita has-post-thumbnail shipping-taxable purchasable product-type-variable\">\n\n\t<figure class=\"woocom-project\">\n\t<div class=\"woo-buttons-on-img\">\n\n\t\t<a href=\"https:\/\/www.pontescriacao.com.br\/site\/produto\/cartoes-pvc-transparente\/\" class=\"alignnone layzr-bg\"><img loading=\"lazy\" decoding=\"async\" width=\"300\" height=\"300\" src=\"data:image\/svg+xml;charset=utf-8,%3Csvg xmlns%3D&#039;http%3A%2F%2Fwww.w3.org%2F2000%2Fsvg&#039; viewBox%3D&#039;0 0 300 300&#039;%2F%3E\" class=\"attachment-woocommerce_thumbnail size-woocommerce_thumbnail lazy-load preload-me\" alt=\"Cart\u00f5es PVC Transparente\" data-src=\"https:\/\/www.pontescriacao.com.br\/site\/wp-content\/uploads\/2017\/03\/cartoes-pvc-transparente-th.jpg\" data-srcset=\"https:\/\/www.pontescriacao.com.br\/site\/wp-content\/uploads\/2017\/03\/cartoes-pvc-transparente-th.jpg 600w, https:\/\/www.pontescriacao.com.br\/site\/wp-content\/uploads\/2017\/03\/cartoes-pvc-transparente-th-150x150.jpg 150w, https:\/\/www.pontescriacao.com.br\/site\/wp-content\/uploads\/2017\/03\/cartoes-pvc-transparente-th-300x300.jpg 300w, https:\/\/www.pontescriacao.com.br\/site\/wp-content\/uploads\/2017\/03\/cartoes-pvc-transparente-th-180x180.jpg 180w\" \/><\/a>\n\t<\/div>\n\t<figcaption class=\"woocom-list-content\">\n\n\t\t<div class=\"woocommerce-product-details__short-description\">\n\t<p>Cart\u00e3o de Visita PVC 0,3mm Transparente + Branco 8,5 x 5,4<\/p>\n<\/div>\n\n\t<\/figcaption>\n<\/figure>\n\n<\/article>\n\n<\/div><\/div>[\/vc_column][\/vc_row]<\/p>\n<\/div>","protected":false},"excerpt":{"rendered":"<p>[vc_row][vc_column][\/vc_column][\/vc_row]<\/p>\n","protected":false},"author":1,"featured_media":0,"parent":0,"menu_order":0,"comment_status":"closed","ping_status":"closed","template":"","meta":{"inline_featured_image":false,"_joinchat":[],"footnotes":""},"class_list":["post-448","page","type-page","status-publish","hentry","description-off"],"_links":{"self":[{"href":"https:\/\/www.pontescriacao.com.br\/site\/wp-json\/wp\/v2\/pages\/448","targetHints":{"allow":["GET"]}}],"collection":[{"href":"https:\/\/www.pontescriacao.com.br\/site\/wp-json\/wp\/v2\/pages"}],"about":[{"href":"https:\/\/www.pontescriacao.com.br\/site\/wp-json\/wp\/v2\/types\/page"}],"author":[{"embeddable":true,"href":"https:\/\/www.pontescriacao.com.br\/site\/wp-json\/wp\/v2\/users\/1"}],"replies":[{"embeddable":true,"href":"https:\/\/www.pontescriacao.com.br\/site\/wp-json\/wp\/v2\/comments?post=448"}],"version-history":[{"count":0,"href":"https:\/\/www.pontescriacao.com.br\/site\/wp-json\/wp\/v2\/pages\/448\/revisions"}],"wp:attachment":[{"href":"https:\/\/www.pontescriacao.com.br\/site\/wp-json\/wp\/v2\/media?parent=448"}],"curies":[{"name":"wp","href":"https:\/\/api.w.org\/{rel}","templated":true}]}}