{"id":62,"date":"2016-05-27T02:35:27","date_gmt":"2016-05-27T02:35:27","guid":{"rendered":"http:\/\/www.pontescriacao.com.br\/site\/?page_id=62"},"modified":"2022-12-29T00:52:11","modified_gmt":"2022-12-29T00:52:11","slug":"inicio","status":"publish","type":"page","link":"https:\/\/www.pontescriacao.com.br\/site\/","title":{"rendered":"Pontes Cria A\u00e7\u00e3o!"},"content":{"rendered":"<div class=\"wpb-content-wrapper\"><p>[vc_row margin_top=&#8221;-25&#8243; margin_bottom=&#8221;-25&#8243;][vc_column width=&#8221;1\/3&#8243; animation=&#8221;pulse&#8221;][vc_single_image image=&#8221;322&#8243; img_size=&#8221;large&#8221; add_caption=&#8221;yes&#8221; alignment=&#8221;center&#8221; style=&#8221;vc_box_outline&#8221; onclick=&#8221;custom_link&#8221; css_animation=&#8221;tada&#8221; link=&#8221;http:\/\/www.pontescriacao.com.br\/site\/criacao-design\/&#8221;][vc_text_separator title=&#8221;DESIGN&#8221; css=&#8221;.vc_custom_1467607265419{margin-top: -21px !important;}&#8221;][vc_column_text css=&#8221;.vc_custom_1467607211941{margin-top: -30px !important;margin-bottom: 12px !important;}&#8221;]<\/p>\n<p style=\"text-align: center;\">Solu\u00e7\u00f5es criativas para a identidade da sua empresa.<\/p>\n<p>[\/vc_column_text][\/vc_column][vc_column width=&#8221;1\/3&#8243;][vc_single_image image=&#8221;303&#8243; img_size=&#8221;large&#8221; alignment=&#8221;center&#8221; style=&#8221;vc_box_outline&#8221; onclick=&#8221;custom_link&#8221; css_animation=&#8221;tada&#8221; link=&#8221;http:\/\/www.pontescriacao.com.br\/site\/web\/&#8221;][vc_text_separator title=&#8221;WEB DESIGN&#8221; css=&#8221;.vc_custom_1467607275544{margin-top: -21px !important;}&#8221;][vc_column_text css=&#8221;.vc_custom_1467607220439{margin-top: -30px !important;margin-bottom: 12px !important;}&#8221;]<\/p>\n<p style=\"text-align: center;\">Websites com painel administrativo super f\u00e1cil de usar.<\/p>\n<p>[\/vc_column_text][\/vc_column][vc_column width=&#8221;1\/3&#8243;][vc_single_image image=&#8221;306&#8243; img_size=&#8221;large&#8221; alignment=&#8221;center&#8221; style=&#8221;vc_box_outline&#8221; onclick=&#8221;custom_link&#8221; css_animation=&#8221;tada&#8221; link=&#8221;http:\/\/www.pontescriacao.com.br\/site\/grafica\/&#8221;][vc_text_separator title=&#8221;GR\u00c1FICA&#8221; css=&#8221;.vc_custom_1467607284803{margin-top: -21px !important;}&#8221;][vc_column_text css=&#8221;.vc_custom_1467607230336{margin-top: -30px !important;margin-bottom: 12px !important;}&#8221;]<\/p>\n<p style=\"text-align: center;\">Solu\u00e7\u00f5es gr\u00e1ficas elegantes para seu neg\u00f3cio.<\/p>\n<p>[\/vc_column_text][\/vc_column][\/vc_row][vc_row][vc_column][vc_column_text css=&#8221;.vc_custom_1476847968569{margin-top: 20px !important;}&#8221;]<\/p>\n<p style=\"text-align: center;\">INSTAGRAM FEEDS<br \/>\n[wdi_feed id=&#8221;1&#8243;][\/vc_column_text][\/vc_column][\/vc_row]<\/p>\n<\/div>","protected":false},"excerpt":{"rendered":"<p>[vc_row margin_top=&#8221;-25&#8243; margin_bottom=&#8221;-25&#8243;][vc_column width=&#8221;1\/3&#8243; animation=&#8221;pulse&#8221;][vc_single_image image=&#8221;322&#8243; img_size=&#8221;large&#8221; add_caption=&#8221;yes&#8221; alignment=&#8221;center&#8221; style=&#8221;vc_box_outline&#8221; onclick=&#8221;custom_link&#8221; css_animation=&#8221;tada&#8221; link=&#8221;http:\/\/www.pontescriacao.com.br\/site\/criacao-design\/&#8221;][vc_text_separator title=&#8221;DESIGN&#8221; css=&#8221;.vc_custom_1467607265419{margin-top: -21px !important;}&#8221;][vc_column_text css=&#8221;.vc_custom_1467607211941{margin-top: -30px !important;margin-bottom: 12px !important;}&#8221;] Solu\u00e7\u00f5es criativas para a identidade da sua empresa. [\/vc_column_text][\/vc_column][vc_column width=&#8221;1\/3&#8243;][vc_single_image image=&#8221;303&#8243; img_size=&#8221;large&#8221; alignment=&#8221;center&#8221; style=&#8221;vc_box_outline&#8221; onclick=&#8221;custom_link&#8221; css_animation=&#8221;tada&#8221; link=&#8221;http:\/\/www.pontescriacao.com.br\/site\/web\/&#8221;][vc_text_separator title=&#8221;WEB DESIGN&#8221; css=&#8221;.vc_custom_1467607275544{margin-top: -21px !important;}&#8221;][vc_column_text css=&#8221;.vc_custom_1467607220439{margin-top: -30px !important;margin-bottom: 12px !important;}&#8221;] Websites com painel administrativo super f\u00e1cil&hellip;<\/p>\n","protected":false},"author":1,"featured_media":0,"parent":0,"menu_order":0,"comment_status":"closed","ping_status":"closed","template":"","meta":{"inline_featured_image":false,"_joinchat":[],"footnotes":""},"class_list":["post-62","page","type-page","status-publish","hentry","description-off"],"_links":{"self":[{"href":"https:\/\/www.pontescriacao.com.br\/site\/wp-json\/wp\/v2\/pages\/62","targetHints":{"allow":["GET"]}}],"collection":[{"href":"https:\/\/www.pontescriacao.com.br\/site\/wp-json\/wp\/v2\/pages"}],"about":[{"href":"https:\/\/www.pontescriacao.com.br\/site\/wp-json\/wp\/v2\/types\/page"}],"author":[{"embeddable":true,"href":"https:\/\/www.pontescriacao.com.br\/site\/wp-json\/wp\/v2\/users\/1"}],"replies":[{"embeddable":true,"href":"https:\/\/www.pontescriacao.com.br\/site\/wp-json\/wp\/v2\/comments?post=62"}],"version-history":[{"count":0,"href":"https:\/\/www.pontescriacao.com.br\/site\/wp-json\/wp\/v2\/pages\/62\/revisions"}],"wp:attachment":[{"href":"https:\/\/www.pontescriacao.com.br\/site\/wp-json\/wp\/v2\/media?parent=62"}],"curies":[{"name":"wp","href":"https:\/\/api.w.org\/{rel}","templated":true}]}}