{"id":429,"date":"2016-11-04T03:12:25","date_gmt":"2016-11-04T03:12:25","guid":{"rendered":"http:\/\/www.pontescriacao.com.br\/site\/?post_type=product&#038;p=429"},"modified":"2023-08-23T22:27:44","modified_gmt":"2023-08-23T22:27:44","slug":"cartao-de-visita-delux","status":"publish","type":"product","link":"https:\/\/www.pontescriacao.com.br\/site\/produto\/cartao-de-visita-delux\/","title":{"rendered":"Cart\u00e3o de Visita Delux"},"content":{"rendered":"","protected":false},"excerpt":{"rendered":"<p>Papel couch\u00ea 300g<br \/>\nFrente e verso em Policromia<br \/>\nLamina\u00e7\u00e3o fosca e verniz localizado frente e verso<\/p>\n<p>obs.: O cliente precisa enviar a arte via Whatsapp ou pelo email: pontescriacao@gmail.com<\/p>\n<p>Prazo de entrega: 7 dias (ap\u00f3s aprova\u00e7\u00e3o da arte)<\/p>\n<p><img decoding=\"async\" class=\"alignnone size-medium wp-image-923\" src=\"https:\/\/www.pontescriacao.com.br\/site\/wp-content\/uploads\/2023\/08\/pix-mercado-pago-300x105.png\" alt=\"\" width=\"300\" height=\"105\" srcset=\"https:\/\/www.pontescriacao.com.br\/site\/wp-content\/uploads\/2023\/08\/pix-mercado-pago-300x105.png 300w, https:\/\/www.pontescriacao.com.br\/site\/wp-content\/uploads\/2023\/08\/pix-mercado-pago-1024x359.png 1024w, https:\/\/www.pontescriacao.com.br\/site\/wp-content\/uploads\/2023\/08\/pix-mercado-pago-768x270.png 768w, https:\/\/www.pontescriacao.com.br\/site\/wp-content\/uploads\/2023\/08\/pix-mercado-pago-600x211.png 600w, https:\/\/www.pontescriacao.com.br\/site\/wp-content\/uploads\/2023\/08\/pix-mercado-pago.png 1080w\" sizes=\"(max-width: 300px) 100vw, 300px\" \/><\/p>\n","protected":false},"featured_media":430,"template":"","meta":{"inline_featured_image":false,"_joinchat":[]},"product_brand":[],"product_cat":[22,21],"product_tag":[23,24],"class_list":{"0":"post-429","1":"product","2":"type-product","3":"status-publish","4":"has-post-thumbnail","6":"product_cat-cartoes-de-visita","7":"product_cat-grafica","8":"product_tag-cartoes-de-visita-delux","9":"product_tag-verniz-localizado","10":"description-off","12":"first","13":"onbackorder","14":"shipping-taxable","15":"purchasable","16":"product-type-variable"},"_links":{"self":[{"href":"https:\/\/www.pontescriacao.com.br\/site\/wp-json\/wp\/v2\/product\/429","targetHints":{"allow":["GET"]}}],"collection":[{"href":"https:\/\/www.pontescriacao.com.br\/site\/wp-json\/wp\/v2\/product"}],"about":[{"href":"https:\/\/www.pontescriacao.com.br\/site\/wp-json\/wp\/v2\/types\/product"}],"wp:featuredmedia":[{"embeddable":true,"href":"https:\/\/www.pontescriacao.com.br\/site\/wp-json\/wp\/v2\/media\/430"}],"wp:attachment":[{"href":"https:\/\/www.pontescriacao.com.br\/site\/wp-json\/wp\/v2\/media?parent=429"}],"wp:term":[{"taxonomy":"product_brand","embeddable":true,"href":"https:\/\/www.pontescriacao.com.br\/site\/wp-json\/wp\/v2\/product_brand?post=429"},{"taxonomy":"product_cat","embeddable":true,"href":"https:\/\/www.pontescriacao.com.br\/site\/wp-json\/wp\/v2\/product_cat?post=429"},{"taxonomy":"product_tag","embeddable":true,"href":"https:\/\/www.pontescriacao.com.br\/site\/wp-json\/wp\/v2\/product_tag?post=429"}],"curies":[{"name":"wp","href":"https:\/\/api.w.org\/{rel}","templated":true}]}}