{"id":507,"date":"2017-03-01T02:11:32","date_gmt":"2017-03-01T02:11:32","guid":{"rendered":"http:\/\/www.pontescriacao.com.br\/site\/?post_type=product&#038;p=507"},"modified":"2022-12-28T21:25:13","modified_gmt":"2022-12-28T21:25:13","slug":"website-p1","status":"publish","type":"product","link":"https:\/\/www.pontescriacao.com.br\/site\/produto\/website-p1\/","title":{"rendered":"Website Din\u00e2mico"},"content":{"rendered":"","protected":false},"excerpt":{"rendered":"<p>\u2b50\ufe0f Painel de controle administrativo. Altere o conte\u00fado do site, fotos, vitrine, portfolio, textos e v\u00eddeos.<\/p>\n<p>\u2b50\ufe0f Blog &#8211; link para postagens estilo blog<\/p>\n<p>\u2b50\ufe0f M\u00f3dulo integrado Facebook, Twitter, Instagram e Youtube.<\/p>\n<p>\u2b50\ufe0f Slideshow de Fotos (fotos em destaque com ou sem efeitos)<\/p>\n<p>\u2b50\ufe0f M\u00f3dulo de visualiza\u00e7\u00e3o de &#8220;\u00faltimas postagens&#8221; do Instagram na p\u00e1gina inicial.<\/p>\n<p>\u2b50\ufe0f M\u00f3dulo Chat Whatsapp. Canal chat direto com o Whatsapp.<\/p>\n<p>\u2b50\ufe0f M\u00f3dulo V\u00eddeo (o administrador poder\u00e1 adicionar v\u00eddeos na edi\u00e7\u00e3o apenas colocando o &#8220;link&#8221; do youtube)<\/p>\n<p><strong>\ud83d\udd25 INCLUSO TREINAMENTO PARA USAR O PAINEL DE ADMINISTRA\u00c7\u00c3O<\/strong><\/p>\n","protected":false},"featured_media":601,"template":"","meta":{"inline_featured_image":false,"_joinchat":[]},"product_brand":[],"product_cat":[38],"product_tag":[],"class_list":{"0":"post-507","1":"product","2":"type-product","3":"status-publish","4":"has-post-thumbnail","6":"product_cat-websites","7":"description-off","9":"first","10":"instock","11":"shipping-taxable","12":"purchasable","13":"product-type-simple"},"_links":{"self":[{"href":"https:\/\/www.pontescriacao.com.br\/site\/wp-json\/wp\/v2\/product\/507","targetHints":{"allow":["GET"]}}],"collection":[{"href":"https:\/\/www.pontescriacao.com.br\/site\/wp-json\/wp\/v2\/product"}],"about":[{"href":"https:\/\/www.pontescriacao.com.br\/site\/wp-json\/wp\/v2\/types\/product"}],"wp:featuredmedia":[{"embeddable":true,"href":"https:\/\/www.pontescriacao.com.br\/site\/wp-json\/wp\/v2\/media\/601"}],"wp:attachment":[{"href":"https:\/\/www.pontescriacao.com.br\/site\/wp-json\/wp\/v2\/media?parent=507"}],"wp:term":[{"taxonomy":"product_brand","embeddable":true,"href":"https:\/\/www.pontescriacao.com.br\/site\/wp-json\/wp\/v2\/product_brand?post=507"},{"taxonomy":"product_cat","embeddable":true,"href":"https:\/\/www.pontescriacao.com.br\/site\/wp-json\/wp\/v2\/product_cat?post=507"},{"taxonomy":"product_tag","embeddable":true,"href":"https:\/\/www.pontescriacao.com.br\/site\/wp-json\/wp\/v2\/product_tag?post=507"}],"curies":[{"name":"wp","href":"https:\/\/api.w.org\/{rel}","templated":true}]}}