{"id":599,"date":"2017-03-02T19:21:52","date_gmt":"2017-03-02T19:21:52","guid":{"rendered":"http:\/\/www.pontescriacao.com.br\/site\/?post_type=product&#038;p=599"},"modified":"2018-06-22T23:48:42","modified_gmt":"2018-06-22T23:48:42","slug":"website-basico","status":"publish","type":"product","link":"https:\/\/www.pontescriacao.com.br\/site\/produto\/website-basico\/","title":{"rendered":"Website B\u00e1sico"},"content":{"rendered":"","protected":false},"excerpt":{"rendered":"<p>Site b\u00e1sico tamb\u00e9m chamado de &#8220;Hot Site&#8221;, contendo uma\u00a0p\u00e1gina que mostra de uma s\u00f3 vez os itens abaixo:<br \/>\n\u2022 Slideshow rotativo<br \/>\n\u2022 Galeria de Imagens<br \/>\n\u2022 \u00c1rea de\u00a0destaques<br \/>\n\u2022 Formul\u00e1rio envio de email<br \/>\n\u2022 Geo-localiza\u00e7\u00e3o Gmaps<\/p>\n<p>Adapt\u00e1vel a todas as dimens\u00f5es de telas e dispositivos m\u00f3veis.<\/p>\n<p>N\u00e3o inclui sistema de administra\u00e7\u00e3o. Para manuten\u00e7\u00e3o do mesmo consulte-nos.<\/p>\n<p>Indicado para profissionais liberais, divulga\u00e7\u00e3o de\u00a0um produto ou promo\u00e7\u00e3o para as redes sociais.<\/p>\n<p>&nbsp;<\/p>\n","protected":false},"featured_media":600,"template":"","meta":{"inline_featured_image":false,"_joinchat":[]},"product_brand":[],"product_cat":[38],"product_tag":[],"class_list":{"0":"post-599","1":"product","2":"type-product","3":"status-publish","4":"has-post-thumbnail","6":"product_cat-websites","7":"description-off","9":"first","10":"instock","11":"shipping-taxable","12":"purchasable","13":"product-type-simple"},"_links":{"self":[{"href":"https:\/\/www.pontescriacao.com.br\/site\/wp-json\/wp\/v2\/product\/599","targetHints":{"allow":["GET"]}}],"collection":[{"href":"https:\/\/www.pontescriacao.com.br\/site\/wp-json\/wp\/v2\/product"}],"about":[{"href":"https:\/\/www.pontescriacao.com.br\/site\/wp-json\/wp\/v2\/types\/product"}],"wp:featuredmedia":[{"embeddable":true,"href":"https:\/\/www.pontescriacao.com.br\/site\/wp-json\/wp\/v2\/media\/600"}],"wp:attachment":[{"href":"https:\/\/www.pontescriacao.com.br\/site\/wp-json\/wp\/v2\/media?parent=599"}],"wp:term":[{"taxonomy":"product_brand","embeddable":true,"href":"https:\/\/www.pontescriacao.com.br\/site\/wp-json\/wp\/v2\/product_brand?post=599"},{"taxonomy":"product_cat","embeddable":true,"href":"https:\/\/www.pontescriacao.com.br\/site\/wp-json\/wp\/v2\/product_cat?post=599"},{"taxonomy":"product_tag","embeddable":true,"href":"https:\/\/www.pontescriacao.com.br\/site\/wp-json\/wp\/v2\/product_tag?post=599"}],"curies":[{"name":"wp","href":"https:\/\/api.w.org\/{rel}","templated":true}]}}