{"id":692,"date":"2018-05-06T16:37:59","date_gmt":"2018-05-06T16:37:59","guid":{"rendered":"http:\/\/www.pontescriacao.com.br\/site\/?post_type=product&#038;p=692"},"modified":"2018-05-08T19:16:16","modified_gmt":"2018-05-08T19:16:16","slug":"plano-10","status":"publish","type":"product","link":"https:\/\/www.pontescriacao.com.br\/site\/produto\/plano-10\/","title":{"rendered":"Artes para Postagens &#8211; Plano 10"},"content":{"rendered":"","protected":false},"excerpt":{"rendered":"<h3><strong>10 CRIA\u00c7\u00d5ES DE ARTES<\/strong> PARA POSTAGEM NO FACEBOOK E INSTAGRAM<\/h3>\n<p>Fechando o pacote o valor unit\u00e1rio sai a<strong> R$ 30,00 cada Post<\/strong>.<\/p>\n<p>PER\u00cdODO DE UTILIZA\u00c7\u00c3O DO CR\u00c9DITO: 30 DIAS<\/p>\n","protected":false},"featured_media":693,"template":"","meta":{"inline_featured_image":false,"_joinchat":[]},"product_brand":[],"product_cat":[55],"product_tag":[],"class_list":{"0":"post-692","1":"product","2":"type-product","3":"status-publish","4":"has-post-thumbnail","6":"product_cat-midias-sociais","7":"description-off","9":"first","10":"instock","11":"shipping-taxable","12":"purchasable","13":"product-type-simple"},"_links":{"self":[{"href":"https:\/\/www.pontescriacao.com.br\/site\/wp-json\/wp\/v2\/product\/692","targetHints":{"allow":["GET"]}}],"collection":[{"href":"https:\/\/www.pontescriacao.com.br\/site\/wp-json\/wp\/v2\/product"}],"about":[{"href":"https:\/\/www.pontescriacao.com.br\/site\/wp-json\/wp\/v2\/types\/product"}],"wp:featuredmedia":[{"embeddable":true,"href":"https:\/\/www.pontescriacao.com.br\/site\/wp-json\/wp\/v2\/media\/693"}],"wp:attachment":[{"href":"https:\/\/www.pontescriacao.com.br\/site\/wp-json\/wp\/v2\/media?parent=692"}],"wp:term":[{"taxonomy":"product_brand","embeddable":true,"href":"https:\/\/www.pontescriacao.com.br\/site\/wp-json\/wp\/v2\/product_brand?post=692"},{"taxonomy":"product_cat","embeddable":true,"href":"https:\/\/www.pontescriacao.com.br\/site\/wp-json\/wp\/v2\/product_cat?post=692"},{"taxonomy":"product_tag","embeddable":true,"href":"https:\/\/www.pontescriacao.com.br\/site\/wp-json\/wp\/v2\/product_tag?post=692"}],"curies":[{"name":"wp","href":"https:\/\/api.w.org\/{rel}","templated":true}]}}