{"id":926,"date":"2023-09-05T20:54:18","date_gmt":"2023-09-05T20:54:18","guid":{"rendered":"https:\/\/www.pontescriacao.com.br\/site\/?post_type=product&#038;p=926"},"modified":"2023-09-06T00:28:34","modified_gmt":"2023-09-06T00:28:34","slug":"faixa-higienizadora-descartavel","status":"publish","type":"product","link":"https:\/\/www.pontescriacao.com.br\/site\/produto\/faixa-higienizadora-descartavel\/","title":{"rendered":"Faixa Higienizadora para Sanit\u00e1rios Descart\u00e1vel"},"content":{"rendered":"","protected":false},"excerpt":{"rendered":"<p>Faixa Higienizadora Descart\u00e1vel para Hot\u00e9is, Mot\u00e9is e Pusadas.<br \/>\n<strong>Pode ser impresso qualquer arte \/ logomarca com at\u00e9 1 x 0 cor. (qualquer cor a escolha)<\/strong><br \/>\nMedidas: 47 x 6 cm<br \/>\nPapel 75g<\/p>\n<p><a class=\"dt-pswp-item\" href=\"https:\/\/www.pontescriacao.com.br\/site\/wp-content\/uploads\/2023\/08\/pix-mercado-pago.png\" data-dt-img-description=\"\" data-large_image_width=\"1080\" data-large_image_height=\"379\"><img decoding=\"async\" class=\"alignnone size-medium wp-image-923\" src=\"https:\/\/www.pontescriacao.com.br\/site\/wp-content\/uploads\/2023\/08\/pix-mercado-pago-300x105.png\" alt=\"\" width=\"300\" height=\"105\" srcset=\"https:\/\/www.pontescriacao.com.br\/site\/wp-content\/uploads\/2023\/08\/pix-mercado-pago-300x105.png 300w, https:\/\/www.pontescriacao.com.br\/site\/wp-content\/uploads\/2023\/08\/pix-mercado-pago-1024x359.png 1024w, https:\/\/www.pontescriacao.com.br\/site\/wp-content\/uploads\/2023\/08\/pix-mercado-pago-768x270.png 768w, https:\/\/www.pontescriacao.com.br\/site\/wp-content\/uploads\/2023\/08\/pix-mercado-pago-600x211.png 600w, https:\/\/www.pontescriacao.com.br\/site\/wp-content\/uploads\/2023\/08\/pix-mercado-pago.png 1080w\" sizes=\"(max-width: 300px) 100vw, 300px\" \/><\/a><\/p>\n","protected":false},"featured_media":927,"template":"","meta":{"inline_featured_image":false,"_joinchat":{"view":"no"}},"product_brand":[],"product_cat":[21],"product_tag":[],"class_list":{"0":"post-926","1":"product","2":"type-product","3":"status-publish","4":"has-post-thumbnail","6":"product_cat-grafica","7":"description-off","9":"first","10":"instock","11":"shipping-taxable","12":"purchasable","13":"product-type-variable"},"_links":{"self":[{"href":"https:\/\/www.pontescriacao.com.br\/site\/wp-json\/wp\/v2\/product\/926","targetHints":{"allow":["GET"]}}],"collection":[{"href":"https:\/\/www.pontescriacao.com.br\/site\/wp-json\/wp\/v2\/product"}],"about":[{"href":"https:\/\/www.pontescriacao.com.br\/site\/wp-json\/wp\/v2\/types\/product"}],"wp:featuredmedia":[{"embeddable":true,"href":"https:\/\/www.pontescriacao.com.br\/site\/wp-json\/wp\/v2\/media\/927"}],"wp:attachment":[{"href":"https:\/\/www.pontescriacao.com.br\/site\/wp-json\/wp\/v2\/media?parent=926"}],"wp:term":[{"taxonomy":"product_brand","embeddable":true,"href":"https:\/\/www.pontescriacao.com.br\/site\/wp-json\/wp\/v2\/product_brand?post=926"},{"taxonomy":"product_cat","embeddable":true,"href":"https:\/\/www.pontescriacao.com.br\/site\/wp-json\/wp\/v2\/product_cat?post=926"},{"taxonomy":"product_tag","embeddable":true,"href":"https:\/\/www.pontescriacao.com.br\/site\/wp-json\/wp\/v2\/product_tag?post=926"}],"curies":[{"name":"wp","href":"https:\/\/api.w.org\/{rel}","templated":true}]}}